{"id":9,"date":"2025-12-10T16:35:39","date_gmt":"2025-12-10T16:35:39","guid":{"rendered":"https:\/\/migapan.rkinformatika.online\/?page_id=9"},"modified":"2025-12-12T14:28:38","modified_gmt":"2025-12-12T14:28:38","slug":"inicio","status":"publish","type":"page","link":"https:\/\/migapan.es\/eu\/","title":{"rendered":"Hasiera"},"content":{"rendered":"\t\t<div data-elementor-type=\"wp-page\" data-elementor-id=\"9\" class=\"elementor elementor-9\" data-elementor-post-type=\"page\">\n\t\t\t\t<div class=\"elementor-element elementor-element-a0e932e e-flex e-con-boxed e-con e-parent\" data-id=\"a0e932e\" data-element_type=\"container\" data-e-type=\"container\" data-settings=\"{&quot;background_background&quot;:&quot;slideshow&quot;,&quot;background_slideshow_gallery&quot;:[{&quot;id&quot;:261,&quot;url&quot;:&quot;https:\\\/\\\/migapan.es\\\/wp-content\\\/uploads\\\/2025\\\/12\\\/close-up-food-sale-store.jpg&quot;},{&quot;id&quot;:255,&quot;url&quot;:&quot;https:\\\/\\\/migapan.es\\\/wp-content\\\/uploads\\\/2025\\\/12\\\/friends-enjoying-coffee-together-scaled.jpg&quot;},{&quot;id&quot;:250,&quot;url&quot;:&quot;https:\\\/\\\/migapan.es\\\/wp-content\\\/uploads\\\/2025\\\/12\\\/food-sale-store-scaled.jpg&quot;}],&quot;background_slideshow_loop&quot;:&quot;yes&quot;,&quot;background_slideshow_slide_duration&quot;:5000,&quot;background_slideshow_slide_transition&quot;:&quot;fade&quot;,&quot;background_slideshow_transition_duration&quot;:500}\">\n\t\t\t\t\t<div class=\"e-con-inner\">\n\t\t\t\t<div class=\"elementor-element elementor-element-4fc758a animated-slow elementor-invisible elementor-widget elementor-widget-heading\" data-id=\"4fc758a\" data-element_type=\"widget\" data-e-type=\"widget\" data-settings=\"{&quot;_animation&quot;:&quot;zoomIn&quot;}\" data-widget_type=\"heading.default\">\n\t\t\t\t\t<h2 class=\"elementor-heading-title elementor-size-default\">Empieza el d\u00eda en Migap\u00e1n<\/h2>\t\t\t\t<\/div>\n\t\t\t\t<div class=\"elementor-element elementor-element-6c663cb animated-slow elementor-invisible elementor-widget elementor-widget-text-editor\" data-id=\"6c663cb\" data-element_type=\"widget\" data-e-type=\"widget\" data-settings=\"{&quot;_animation&quot;:&quot;fadeInUp&quot;}\" data-widget_type=\"text-editor.default\">\n\t\t\t\t\t\t\t\t\t<p>ven a disfrutar del mejor sabor desde primera hora<\/p>\t\t\t\t\t\t\t\t<\/div>\n\t\t\t\t\t<\/div>\n\t\t\t\t<\/div>\n\t\t<div class=\"elementor-element elementor-element-fa7f0be e-flex e-con-boxed e-con e-parent\" data-id=\"fa7f0be\" data-element_type=\"container\" data-e-type=\"container\" data-settings=\"{&quot;background_background&quot;:&quot;classic&quot;}\">\n\t\t\t\t\t<div class=\"e-con-inner\">\n\t\t<div class=\"elementor-element elementor-element-fffacd0 e-con-full e-flex e-con e-child\" data-id=\"fffacd0\" data-element_type=\"container\" data-e-type=\"container\">\n\t\t\t\t<div class=\"elementor-element elementor-element-5339499 elementor-widget elementor-widget-heading\" data-id=\"5339499\" data-element_type=\"widget\" data-e-type=\"widget\" data-widget_type=\"heading.default\">\n\t\t\t\t\t<h2 class=\"elementor-heading-title elementor-size-default\">Sobre Nosotros<\/h2>\t\t\t\t<\/div>\n\t\t\t\t<div class=\"elementor-element elementor-element-ab756fc elementor-widget elementor-widget-text-editor\" data-id=\"ab756fc\" data-element_type=\"widget\" data-e-type=\"widget\" data-widget_type=\"text-editor.default\">\n\t\t\t\t\t\t\t\t\t<p>Migap\u00e1n es una panader\u00eda-cafeter\u00eda acogedora donde se disfrutan deliciosos desayunos, panes naturales reci\u00e9n horneados y caf\u00e9 arom\u00e1tico en un ambiente c\u00e1lido y familiar.<\/p><p>\u00a1Ven a vivir la experiencia Migap\u00e1n y empieza tu d\u00eda con el mejor sabor!<\/p>\t\t\t\t\t\t\t\t<\/div>\n\t\t\t\t<div class=\"elementor-element elementor-element-77d0683 elementor-widget elementor-widget-button\" data-id=\"77d0683\" data-element_type=\"widget\" data-e-type=\"widget\" data-widget_type=\"button.default\">\n\t\t\t\t\t\t\t\t\t\t<a class=\"elementor-button elementor-button-link elementor-size-sm elementor-animation-wobble-horizontal\" href=\"\/servicios\">\n\t\t\t\t\t\t<span class=\"elementor-button-content-wrapper\">\n\t\t\t\t\t\t\t\t\t<span class=\"elementor-button-text\">Ver servicios<\/span>\n\t\t\t\t\t<\/span>\n\t\t\t\t\t<\/a>\n\t\t\t\t\t\t\t\t<\/div>\n\t\t\t\t<\/div>\n\t\t\t\t\t<\/div>\n\t\t\t\t<\/div>\n\t\t<div class=\"elementor-element elementor-element-a6abdf0 e-flex e-con-boxed e-con e-parent\" data-id=\"a6abdf0\" data-element_type=\"container\" data-e-type=\"container\" data-settings=\"{&quot;background_background&quot;:&quot;classic&quot;}\">\n\t\t\t\t\t<div class=\"e-con-inner\">\n\t\t\t\t<div class=\"elementor-element elementor-element-299802c elementor-widget elementor-widget-heading\" data-id=\"299802c\" data-element_type=\"widget\" data-e-type=\"widget\" data-widget_type=\"heading.default\">\n\t\t\t\t\t<h2 class=\"elementor-heading-title elementor-size-default\">\u00bfQuieres reservar pan reci\u00e9n hecho?<\/h2>\t\t\t\t<\/div>\n\t\t\t\t<div class=\"elementor-element elementor-element-ab874dd elementor-widget elementor-widget-text-editor\" data-id=\"ab874dd\" data-element_type=\"widget\" data-e-type=\"widget\" data-widget_type=\"text-editor.default\">\n\t\t\t\t\t\t\t\t\t<p>Ll\u00e1manos y te responderemos lo antes posible.<\/p>\t\t\t\t\t\t\t\t<\/div>\n\t\t\t\t<div class=\"elementor-element elementor-element-35855fc elementor-widget elementor-widget-button\" data-id=\"35855fc\" data-element_type=\"widget\" data-e-type=\"widget\" data-widget_type=\"button.default\">\n\t\t\t\t\t\t\t\t\t\t<a class=\"elementor-button elementor-button-link elementor-size-sm elementor-animation-wobble-horizontal\" href=\"tel:%20+34%20946%20291%20613\">\n\t\t\t\t\t\t<span class=\"elementor-button-content-wrapper\">\n\t\t\t\t\t\t<span class=\"elementor-button-icon\">\n\t\t\t\t<svg aria-hidden=\"true\" class=\"e-font-icon-svg e-fas-phone-volume\" viewBox=\"0 0 384 512\" xmlns=\"http:\/\/www.w3.org\/2000\/svg\"><path d=\"M97.333 506.966c-129.874-129.874-129.681-340.252 0-469.933 5.698-5.698 14.527-6.632 21.263-2.422l64.817 40.513a17.187 17.187 0 0 1 6.849 20.958l-32.408 81.021a17.188 17.188 0 0 1-17.669 10.719l-55.81-5.58c-21.051 58.261-20.612 122.471 0 179.515l55.811-5.581a17.188 17.188 0 0 1 17.669 10.719l32.408 81.022a17.188 17.188 0 0 1-6.849 20.958l-64.817 40.513a17.19 17.19 0 0 1-21.264-2.422zM247.126 95.473c11.832 20.047 11.832 45.008 0 65.055-3.95 6.693-13.108 7.959-18.718 2.581l-5.975-5.726c-3.911-3.748-4.793-9.622-2.261-14.41a32.063 32.063 0 0 0 0-29.945c-2.533-4.788-1.65-10.662 2.261-14.41l5.975-5.726c5.61-5.378 14.768-4.112 18.718 2.581zm91.787-91.187c60.14 71.604 60.092 175.882 0 247.428-4.474 5.327-12.53 5.746-17.552.933l-5.798-5.557c-4.56-4.371-4.977-11.529-.93-16.379 49.687-59.538 49.646-145.933 0-205.422-4.047-4.85-3.631-12.008.93-16.379l5.798-5.557c5.022-4.813 13.078-4.394 17.552.933zm-45.972 44.941c36.05 46.322 36.108 111.149 0 157.546-4.39 5.641-12.697 6.251-17.856 1.304l-5.818-5.579c-4.4-4.219-4.998-11.095-1.285-15.931 26.536-34.564 26.534-82.572 0-117.134-3.713-4.836-3.115-11.711 1.285-15.931l5.818-5.579c5.159-4.947 13.466-4.337 17.856 1.304z\"><\/path><\/svg>\t\t\t<\/span>\n\t\t\t\t\t\t\t\t\t<span class=\"elementor-button-text\">+34 946 291 613<\/span>\n\t\t\t\t\t<\/span>\n\t\t\t\t\t<\/a>\n\t\t\t\t\t\t\t\t<\/div>\n\t\t\t\t\t<\/div>\n\t\t\t\t<\/div>\n\t\t\t\t<\/div>\n\t\t","protected":false},"excerpt":{"rendered":"<p>Empieza el d\u00eda en Migap\u00e1n ven a disfrutar del mejor sabor desde primera hora Sobre Nosotros Migap\u00e1n es una panader\u00eda-cafeter\u00eda acogedora donde se disfrutan deliciosos desayunos, panes naturales reci\u00e9n horneados y caf\u00e9 arom\u00e1tico en un ambiente c\u00e1lido y familiar. \u00a1Ven a vivir la experiencia Migap\u00e1n y empieza tu d\u00eda con el mejor sabor! Ver servicios [&hellip;]<\/p>\n","protected":false},"author":1,"featured_media":0,"parent":0,"menu_order":0,"comment_status":"closed","ping_status":"closed","template":"elementor_canvas","meta":{"footnotes":""},"class_list":["post-9","page","type-page","status-publish","hentry"],"yoast_head":"<!-- This site is optimized with the Yoast SEO plugin v27.4 - https:\/\/yoast.com\/product\/yoast-seo-wordpress\/ -->\n<title>Inicio - Migapan<\/title>\n<meta name=\"robots\" content=\"index, follow, max-snippet:-1, max-image-preview:large, max-video-preview:-1\" \/>\n<link rel=\"canonical\" href=\"https:\/\/migapan.es\/eu\/\" \/>\n<meta property=\"og:locale\" content=\"en_US\" \/>\n<meta property=\"og:type\" content=\"article\" \/>\n<meta property=\"og:title\" content=\"Inicio - Migapan\" \/>\n<meta property=\"og:description\" content=\"Empieza el d\u00eda en Migap\u00e1n ven a disfrutar del mejor sabor desde primera hora Sobre Nosotros Migap\u00e1n es una panader\u00eda-cafeter\u00eda acogedora donde se disfrutan deliciosos desayunos, panes naturales reci\u00e9n horneados y caf\u00e9 arom\u00e1tico en un ambiente c\u00e1lido y familiar. \u00a1Ven a vivir la experiencia Migap\u00e1n y empieza tu d\u00eda con el mejor sabor! Ver servicios [&hellip;]\" \/>\n<meta property=\"og:url\" content=\"https:\/\/migapan.es\/eu\/\" \/>\n<meta property=\"og:site_name\" content=\"Migapan\" \/>\n<meta property=\"article:modified_time\" content=\"2025-12-12T14:28:38+00:00\" \/>\n<meta name=\"twitter:card\" content=\"summary_large_image\" \/>\n<meta name=\"twitter:label1\" content=\"Est. reading time\" \/>\n\t<meta name=\"twitter:data1\" content=\"1 minutua\" \/>\n<script type=\"application\/ld+json\" class=\"yoast-schema-graph\">{\"@context\":\"https:\\\/\\\/schema.org\",\"@graph\":[{\"@type\":\"WebPage\",\"@id\":\"https:\\\/\\\/migapan.es\\\/\",\"url\":\"https:\\\/\\\/migapan.es\\\/\",\"name\":\"Inicio - Migapan\",\"isPartOf\":{\"@id\":\"https:\\\/\\\/migapan.es\\\/#website\"},\"datePublished\":\"2025-12-10T16:35:39+00:00\",\"dateModified\":\"2025-12-12T14:28:38+00:00\",\"breadcrumb\":{\"@id\":\"https:\\\/\\\/migapan.es\\\/#breadcrumb\"},\"inLanguage\":\"eu\",\"potentialAction\":[{\"@type\":\"ReadAction\",\"target\":[\"https:\\\/\\\/migapan.es\\\/\"]}]},{\"@type\":\"BreadcrumbList\",\"@id\":\"https:\\\/\\\/migapan.es\\\/#breadcrumb\",\"itemListElement\":[{\"@type\":\"ListItem\",\"position\":1,\"name\":\"Portada\",\"item\":\"https:\\\/\\\/migapan.es\\\/\"},{\"@type\":\"ListItem\",\"position\":2,\"name\":\"Inicio\"}]},{\"@type\":\"WebSite\",\"@id\":\"https:\\\/\\\/migapan.es\\\/#website\",\"url\":\"https:\\\/\\\/migapan.es\\\/\",\"name\":\"Migapan\",\"description\":\"\",\"publisher\":{\"@id\":\"https:\\\/\\\/migapan.es\\\/#organization\"},\"potentialAction\":[{\"@type\":\"SearchAction\",\"target\":{\"@type\":\"EntryPoint\",\"urlTemplate\":\"https:\\\/\\\/migapan.es\\\/?s={search_term_string}\"},\"query-input\":{\"@type\":\"PropertyValueSpecification\",\"valueRequired\":true,\"valueName\":\"search_term_string\"}}],\"inLanguage\":\"eu\"},{\"@type\":\"Organization\",\"@id\":\"https:\\\/\\\/migapan.es\\\/#organization\",\"name\":\"Migapan\",\"url\":\"https:\\\/\\\/migapan.es\\\/\",\"logo\":{\"@type\":\"ImageObject\",\"inLanguage\":\"eu\",\"@id\":\"https:\\\/\\\/migapan.es\\\/#\\\/schema\\\/logo\\\/image\\\/\",\"url\":\"https:\\\/\\\/migapan.es\\\/wp-content\\\/uploads\\\/2025\\\/12\\\/cropped-Diseno-sin-titulo-e1765385612144.png\",\"contentUrl\":\"https:\\\/\\\/migapan.es\\\/wp-content\\\/uploads\\\/2025\\\/12\\\/cropped-Diseno-sin-titulo-e1765385612144.png\",\"width\":403,\"height\":153,\"caption\":\"Migapan\"},\"image\":{\"@id\":\"https:\\\/\\\/migapan.es\\\/#\\\/schema\\\/logo\\\/image\\\/\"}}]}<\/script>\n<!-- \/ Yoast SEO plugin. -->","yoast_head_json":{"title":"Inicio - Migapan","robots":{"index":"index","follow":"follow","max-snippet":"max-snippet:-1","max-image-preview":"max-image-preview:large","max-video-preview":"max-video-preview:-1"},"canonical":"https:\/\/migapan.es\/eu\/","og_locale":"en_US","og_type":"article","og_title":"Inicio - Migapan","og_description":"Empieza el d\u00eda en Migap\u00e1n ven a disfrutar del mejor sabor desde primera hora Sobre Nosotros Migap\u00e1n es una panader\u00eda-cafeter\u00eda acogedora donde se disfrutan deliciosos desayunos, panes naturales reci\u00e9n horneados y caf\u00e9 arom\u00e1tico en un ambiente c\u00e1lido y familiar. \u00a1Ven a vivir la experiencia Migap\u00e1n y empieza tu d\u00eda con el mejor sabor! Ver servicios [&hellip;]","og_url":"https:\/\/migapan.es\/eu\/","og_site_name":"Migapan","article_modified_time":"2025-12-12T14:28:38+00:00","twitter_card":"summary_large_image","twitter_misc":{"Est. reading time":"1 minutua"},"schema":{"@context":"https:\/\/schema.org","@graph":[{"@type":"WebPage","@id":"https:\/\/migapan.es\/","url":"https:\/\/migapan.es\/","name":"Inicio - Migapan","isPartOf":{"@id":"https:\/\/migapan.es\/#website"},"datePublished":"2025-12-10T16:35:39+00:00","dateModified":"2025-12-12T14:28:38+00:00","breadcrumb":{"@id":"https:\/\/migapan.es\/#breadcrumb"},"inLanguage":"eu","potentialAction":[{"@type":"ReadAction","target":["https:\/\/migapan.es\/"]}]},{"@type":"BreadcrumbList","@id":"https:\/\/migapan.es\/#breadcrumb","itemListElement":[{"@type":"ListItem","position":1,"name":"Portada","item":"https:\/\/migapan.es\/"},{"@type":"ListItem","position":2,"name":"Inicio"}]},{"@type":"WebSite","@id":"https:\/\/migapan.es\/#website","url":"https:\/\/migapan.es\/","name":"Migapan","description":"","publisher":{"@id":"https:\/\/migapan.es\/#organization"},"potentialAction":[{"@type":"SearchAction","target":{"@type":"EntryPoint","urlTemplate":"https:\/\/migapan.es\/?s={search_term_string}"},"query-input":{"@type":"PropertyValueSpecification","valueRequired":true,"valueName":"search_term_string"}}],"inLanguage":"eu"},{"@type":"Organization","@id":"https:\/\/migapan.es\/#organization","name":"Migapan","url":"https:\/\/migapan.es\/","logo":{"@type":"ImageObject","inLanguage":"eu","@id":"https:\/\/migapan.es\/#\/schema\/logo\/image\/","url":"https:\/\/migapan.es\/wp-content\/uploads\/2025\/12\/cropped-Diseno-sin-titulo-e1765385612144.png","contentUrl":"https:\/\/migapan.es\/wp-content\/uploads\/2025\/12\/cropped-Diseno-sin-titulo-e1765385612144.png","width":403,"height":153,"caption":"Migapan"},"image":{"@id":"https:\/\/migapan.es\/#\/schema\/logo\/image\/"}}]}},"_links":{"self":[{"href":"https:\/\/migapan.es\/eu\/wp-json\/wp\/v2\/pages\/9","targetHints":{"allow":["GET"]}}],"collection":[{"href":"https:\/\/migapan.es\/eu\/wp-json\/wp\/v2\/pages"}],"about":[{"href":"https:\/\/migapan.es\/eu\/wp-json\/wp\/v2\/types\/page"}],"author":[{"embeddable":true,"href":"https:\/\/migapan.es\/eu\/wp-json\/wp\/v2\/users\/1"}],"replies":[{"embeddable":true,"href":"https:\/\/migapan.es\/eu\/wp-json\/wp\/v2\/comments?post=9"}],"version-history":[{"count":208,"href":"https:\/\/migapan.es\/eu\/wp-json\/wp\/v2\/pages\/9\/revisions"}],"predecessor-version":[{"id":593,"href":"https:\/\/migapan.es\/eu\/wp-json\/wp\/v2\/pages\/9\/revisions\/593"}],"wp:attachment":[{"href":"https:\/\/migapan.es\/eu\/wp-json\/wp\/v2\/media?parent=9"}],"curies":[{"name":"wp","href":"https:\/\/api.w.org\/{rel}","templated":true}]}}