{"id":12,"date":"2025-12-10T16:37:13","date_gmt":"2025-12-10T16:37:13","guid":{"rendered":"https:\/\/migapan.rkinformatika.online\/?page_id=12"},"modified":"2025-12-12T14:30:36","modified_gmt":"2025-12-12T14:30:36","slug":"servicios","status":"publish","type":"page","link":"https:\/\/migapan.es\/eu\/servicios\/","title":{"rendered":"Zerbitzuak"},"content":{"rendered":"<div data-elementor-type=\"wp-page\" data-elementor-id=\"12\" class=\"elementor elementor-12\" data-elementor-post-type=\"page\">\n\t\t\t\t<div class=\"elementor-element elementor-element-648b6df e-flex e-con-boxed e-con e-parent\" data-id=\"648b6df\" data-element_type=\"container\" data-e-type=\"container\" data-settings=\"{&quot;background_background&quot;:&quot;classic&quot;}\">\n\t\t\t\t\t<div class=\"e-con-inner\">\n\t\t\t\t<div class=\"elementor-element elementor-element-435cef4 elementor-invisible elementor-widget elementor-widget-heading\" data-id=\"435cef4\" data-element_type=\"widget\" data-e-type=\"widget\" data-settings=\"{&quot;_animation&quot;:&quot;fadeInRight&quot;}\" data-widget_type=\"heading.default\">\n\t\t\t\t\t<h2 class=\"elementor-heading-title elementor-size-default\">Zerbitzuak<\/h2>\t\t\t\t<\/div>\n\t\t\t\t\t<\/div>\n\t\t\t\t<\/div>\n\t\t<div class=\"elementor-element elementor-element-e87084c e-flex e-con-boxed e-con e-parent\" data-id=\"e87084c\" data-element_type=\"container\" data-e-type=\"container\">\n\t\t\t\t\t<div class=\"e-con-inner\">\n\t\t<div class=\"elementor-element elementor-element-d6ef703 e-con-full e-flex e-con e-child\" data-id=\"d6ef703\" data-element_type=\"container\" data-e-type=\"container\">\n\t\t\t\t<div class=\"elementor-element elementor-element-b4744e1 elementor-widget elementor-widget-image\" data-id=\"b4744e1\" data-element_type=\"widget\" data-e-type=\"widget\" data-widget_type=\"image.default\">\n\t\t\t\t\t\t\t\t\t\t\t\t\t\t\t<img fetchpriority=\"high\" decoding=\"async\" width=\"800\" height=\"534\" src=\"https:\/\/migapan.es\/wp-content\/uploads\/2025\/12\/modern-bakery-shop-with-assortment-bread-shelf-1024x683.jpg\" class=\"attachment-large size-large wp-image-251\" alt=\"\" srcset=\"https:\/\/migapan.es\/wp-content\/uploads\/2025\/12\/modern-bakery-shop-with-assortment-bread-shelf-1024x683.jpg 1024w, https:\/\/migapan.es\/wp-content\/uploads\/2025\/12\/modern-bakery-shop-with-assortment-bread-shelf-300x200.jpg 300w, https:\/\/migapan.es\/wp-content\/uploads\/2025\/12\/modern-bakery-shop-with-assortment-bread-shelf-768x512.jpg 768w, https:\/\/migapan.es\/wp-content\/uploads\/2025\/12\/modern-bakery-shop-with-assortment-bread-shelf-1536x1024.jpg 1536w, https:\/\/migapan.es\/wp-content\/uploads\/2025\/12\/modern-bakery-shop-with-assortment-bread-shelf-2048x1365.jpg 2048w, https:\/\/migapan.es\/wp-content\/uploads\/2025\/12\/modern-bakery-shop-with-assortment-bread-shelf-18x12.jpg 18w\" sizes=\"(max-width: 800px) 100vw, 800px\" \/>\t\t\t\t\t\t\t\t\t\t\t\t\t\t\t<\/div>\n\t\t\t\t<\/div>\n\t\t<div class=\"elementor-element elementor-element-17e0c25 e-con-full e-flex e-con e-child\" data-id=\"17e0c25\" data-element_type=\"container\" data-e-type=\"container\">\n\t\t\t\t<div class=\"elementor-element elementor-element-e330848 elementor-widget elementor-widget-heading\" data-id=\"e330848\" data-element_type=\"widget\" data-e-type=\"widget\" data-widget_type=\"heading.default\">\n\t\t\t\t\t<h2 class=\"elementor-heading-title elementor-size-default\">Panes Naturales<\/h2>\t\t\t\t<\/div>\n\t\t\t\t<div class=\"elementor-element elementor-element-55ac609 elementor-widget elementor-widget-text-editor\" data-id=\"55ac609\" data-element_type=\"widget\" data-e-type=\"widget\" data-widget_type=\"text-editor.default\">\n\t\t\t\t\t\t\t\t\t<p>Elaborados cada d\u00eda con ingredientes frescos y sin conservantes. Disfruta de nuestras variedades artesanales con el aut\u00e9ntico sabor casero: pan integral, de aceitunas, de ma\u00edz, de pasas y nueces, de semillas, chapata, barras, hogazas&#8230;.Cada uno horneado con dedicaci\u00f3n para ofrecerte la mejor textura y aroma.<\/p>\t\t\t\t\t\t\t\t<\/div>\n\t\t\t\t<\/div>\n\t\t\t\t\t<\/div>\n\t\t\t\t<\/div>\n\t\t<div class=\"elementor-element elementor-element-903ec91 e-flex e-con-boxed e-con e-parent\" data-id=\"903ec91\" data-element_type=\"container\" data-e-type=\"container\">\n\t\t\t\t\t<div class=\"e-con-inner\">\n\t\t<div class=\"elementor-element elementor-element-c4bf187 e-con-full e-flex e-con e-child\" data-id=\"c4bf187\" data-element_type=\"container\" data-e-type=\"container\">\n\t\t\t\t<div class=\"elementor-element elementor-element-8f0483b elementor-widget elementor-widget-image\" data-id=\"8f0483b\" data-element_type=\"widget\" data-e-type=\"widget\" data-widget_type=\"image.default\">\n\t\t\t\t\t\t\t\t\t\t\t\t\t\t\t<img decoding=\"async\" width=\"800\" height=\"534\" src=\"https:\/\/migapan.es\/wp-content\/uploads\/2025\/12\/friends-enjoying-coffee-together-1024x683.jpg\" class=\"attachment-large size-large wp-image-255\" alt=\"\" srcset=\"https:\/\/migapan.es\/wp-content\/uploads\/2025\/12\/friends-enjoying-coffee-together-1024x683.jpg 1024w, https:\/\/migapan.es\/wp-content\/uploads\/2025\/12\/friends-enjoying-coffee-together-300x200.jpg 300w, https:\/\/migapan.es\/wp-content\/uploads\/2025\/12\/friends-enjoying-coffee-together-768x512.jpg 768w, https:\/\/migapan.es\/wp-content\/uploads\/2025\/12\/friends-enjoying-coffee-together-1536x1024.jpg 1536w, https:\/\/migapan.es\/wp-content\/uploads\/2025\/12\/friends-enjoying-coffee-together-2048x1365.jpg 2048w, https:\/\/migapan.es\/wp-content\/uploads\/2025\/12\/friends-enjoying-coffee-together-18x12.jpg 18w\" sizes=\"(max-width: 800px) 100vw, 800px\" \/>\t\t\t\t\t\t\t\t\t\t\t\t\t\t\t<\/div>\n\t\t\t\t<\/div>\n\t\t<div class=\"elementor-element elementor-element-cbd4950 e-con-full e-flex e-con e-child\" data-id=\"cbd4950\" data-element_type=\"container\" data-e-type=\"container\">\n\t\t\t\t<div class=\"elementor-element elementor-element-0f6e4e9 elementor-widget elementor-widget-heading\" data-id=\"0f6e4e9\" data-element_type=\"widget\" data-e-type=\"widget\" data-widget_type=\"heading.default\">\n\t\t\t\t\t<h2 class=\"elementor-heading-title elementor-size-default\">Caf\u00e9 y Bebidas Calientes<\/h2>\t\t\t\t<\/div>\n\t\t\t\t<div class=\"elementor-element elementor-element-4c0fd31 elementor-widget elementor-widget-text-editor\" data-id=\"4c0fd31\" data-element_type=\"widget\" data-e-type=\"widget\" data-widget_type=\"text-editor.default\">\n\t\t\t\t\t\t\t\t\t<p>Acompa\u00f1a tu momento con un caf\u00e9 reci\u00e9n molido, capuchino, t\u00e9 o chocolate caliente. En Migap\u00e1n, cada taza se prepara con esmero para ofrecerte el mejor aroma y sabor.<\/p>\t\t\t\t\t\t\t\t<\/div>\n\t\t\t\t<\/div>\n\t\t\t\t\t<\/div>\n\t\t\t\t<\/div>\n\t\t<div class=\"elementor-element elementor-element-0460542 e-flex e-con-boxed e-con e-parent\" data-id=\"0460542\" data-element_type=\"container\" data-e-type=\"container\">\n\t\t\t\t\t<div class=\"e-con-inner\">\n\t\t<div class=\"elementor-element elementor-element-4db6eaf e-con-full e-flex e-con e-child\" data-id=\"4db6eaf\" data-element_type=\"container\" data-e-type=\"container\">\n\t\t\t\t<div class=\"elementor-element elementor-element-8c46578 elementor-widget elementor-widget-image\" data-id=\"8c46578\" data-element_type=\"widget\" data-e-type=\"widget\" data-widget_type=\"image.default\">\n\t\t\t\t\t\t\t\t\t\t\t\t\t\t\t<img decoding=\"async\" width=\"800\" height=\"534\" src=\"https:\/\/migapan.es\/wp-content\/uploads\/2025\/12\/tasty-colorful-breakfast-with-oatmeal-yogurt-strawberry-blueberry-honey-milk-white-background-breakfast-bed-copy-space-top-view-1024x683.jpg\" class=\"attachment-large size-large wp-image-259\" alt=\"\" srcset=\"https:\/\/migapan.es\/wp-content\/uploads\/2025\/12\/tasty-colorful-breakfast-with-oatmeal-yogurt-strawberry-blueberry-honey-milk-white-background-breakfast-bed-copy-space-top-view-1024x683.jpg 1024w, https:\/\/migapan.es\/wp-content\/uploads\/2025\/12\/tasty-colorful-breakfast-with-oatmeal-yogurt-strawberry-blueberry-honey-milk-white-background-breakfast-bed-copy-space-top-view-300x200.jpg 300w, https:\/\/migapan.es\/wp-content\/uploads\/2025\/12\/tasty-colorful-breakfast-with-oatmeal-yogurt-strawberry-blueberry-honey-milk-white-background-breakfast-bed-copy-space-top-view-768x512.jpg 768w, https:\/\/migapan.es\/wp-content\/uploads\/2025\/12\/tasty-colorful-breakfast-with-oatmeal-yogurt-strawberry-blueberry-honey-milk-white-background-breakfast-bed-copy-space-top-view-1536x1024.jpg 1536w, https:\/\/migapan.es\/wp-content\/uploads\/2025\/12\/tasty-colorful-breakfast-with-oatmeal-yogurt-strawberry-blueberry-honey-milk-white-background-breakfast-bed-copy-space-top-view-2048x1365.jpg 2048w, https:\/\/migapan.es\/wp-content\/uploads\/2025\/12\/tasty-colorful-breakfast-with-oatmeal-yogurt-strawberry-blueberry-honey-milk-white-background-breakfast-bed-copy-space-top-view-18x12.jpg 18w\" sizes=\"(max-width: 800px) 100vw, 800px\" \/>\t\t\t\t\t\t\t\t\t\t\t\t\t\t\t<\/div>\n\t\t\t\t<\/div>\n\t\t<div class=\"elementor-element elementor-element-02e0558 e-con-full e-flex e-con e-child\" data-id=\"02e0558\" data-element_type=\"container\" data-e-type=\"container\">\n\t\t\t\t<div class=\"elementor-element elementor-element-6e159dc elementor-widget elementor-widget-heading\" data-id=\"6e159dc\" data-element_type=\"widget\" data-e-type=\"widget\" data-widget_type=\"heading.default\">\n\t\t\t\t\t<h2 class=\"elementor-heading-title elementor-size-default\"> Desayunos<\/h2>\t\t\t\t<\/div>\n\t\t\t\t<div class=\"elementor-element elementor-element-3f3494a elementor-widget elementor-widget-text-editor\" data-id=\"3f3494a\" data-element_type=\"widget\" data-e-type=\"widget\" data-widget_type=\"text-editor.default\">\n\t\t\t\t\t\t\t\t\t<p>Comienza tu d\u00eda con energ\u00eda: tostadas, croissants, jugos naturales y combinaciones especiales de desayuno servidas en un ambiente c\u00e1lido y acogedor.<\/p>\t\t\t\t\t\t\t\t<\/div>\n\t\t\t\t<\/div>\n\t\t\t\t\t<\/div>\n\t\t\t\t<\/div>\n\t\t<div class=\"elementor-element elementor-element-ed1fc6c e-flex e-con-boxed e-con e-parent\" data-id=\"ed1fc6c\" data-element_type=\"container\" data-e-type=\"container\">\n\t\t\t\t\t<div class=\"e-con-inner\">\n\t\t<div class=\"elementor-element elementor-element-32dd43b e-con-full e-flex e-con e-child\" data-id=\"32dd43b\" data-element_type=\"container\" data-e-type=\"container\">\n\t\t\t\t<div class=\"elementor-element elementor-element-2282ccb elementor-widget elementor-widget-image\" data-id=\"2282ccb\" data-element_type=\"widget\" data-e-type=\"widget\" data-widget_type=\"image.default\">\n\t\t\t\t\t\t\t\t\t\t\t\t\t\t\t<img loading=\"lazy\" decoding=\"async\" width=\"800\" height=\"534\" src=\"https:\/\/migapan.es\/wp-content\/uploads\/2025\/12\/close-up-food-sale-store-1024x683.jpg\" class=\"attachment-large size-large wp-image-261\" alt=\"\" srcset=\"https:\/\/migapan.es\/wp-content\/uploads\/2025\/12\/close-up-food-sale-store-1024x683.jpg 1024w, https:\/\/migapan.es\/wp-content\/uploads\/2025\/12\/close-up-food-sale-store-300x200.jpg 300w, https:\/\/migapan.es\/wp-content\/uploads\/2025\/12\/close-up-food-sale-store-768x512.jpg 768w, https:\/\/migapan.es\/wp-content\/uploads\/2025\/12\/close-up-food-sale-store-1536x1025.jpg 1536w, https:\/\/migapan.es\/wp-content\/uploads\/2025\/12\/close-up-food-sale-store-18x12.jpg 18w\" sizes=\"(max-width: 800px) 100vw, 800px\" \/>\t\t\t\t\t\t\t\t\t\t\t\t\t\t\t<\/div>\n\t\t\t\t<\/div>\n\t\t<div class=\"elementor-element elementor-element-9e324f6 e-con-full e-flex e-con e-child\" data-id=\"9e324f6\" data-element_type=\"container\" data-e-type=\"container\">\n\t\t\t\t<div class=\"elementor-element elementor-element-28ed2d2 elementor-widget elementor-widget-heading\" data-id=\"28ed2d2\" data-element_type=\"widget\" data-e-type=\"widget\" data-widget_type=\"heading.default\">\n\t\t\t\t\t<h2 class=\"elementor-heading-title elementor-size-default\">Reposter\u00eda Casera<\/h2>\t\t\t\t<\/div>\n\t\t\t\t<div class=\"elementor-element elementor-element-507865c elementor-widget elementor-widget-text-editor\" data-id=\"507865c\" data-element_type=\"widget\" data-e-type=\"widget\" data-widget_type=\"text-editor.default\">\n\t\t\t\t\t\t\t\t\t<p>Endulza tus d\u00edas con nuestras bollos y dulces artesanales, elaborados con recetas tradicionales y un toque moderno.<\/p>\t\t\t\t\t\t\t\t<\/div>\n\t\t\t\t<\/div>\n\t\t\t\t\t<\/div>\n\t\t\t\t<\/div>\n\t\t\t\t<\/div>","protected":false},"excerpt":{"rendered":"<p>Servicios Panes Naturales Elaborados cada d\u00eda con ingredientes frescos y sin conservantes. Disfruta de nuestras variedades artesanales con el aut\u00e9ntico sabor casero: pan integral, de aceitunas, de ma\u00edz, de pasas y nueces, de semillas, chapata, barras, hogazas&#8230;.Cada uno horneado con dedicaci\u00f3n para ofrecerte la mejor textura y aroma. Caf\u00e9 y Bebidas Calientes Acompa\u00f1a tu momento [&hellip;]<\/p>\n","protected":false},"author":1,"featured_media":0,"parent":0,"menu_order":0,"comment_status":"closed","ping_status":"closed","template":"elementor_canvas","meta":{"footnotes":""},"class_list":["post-12","page","type-page","status-publish","hentry"],"yoast_head":"<!-- This site is optimized with the Yoast SEO plugin v27.4 - https:\/\/yoast.com\/product\/yoast-seo-wordpress\/ -->\n<title>Servicios - Migapan<\/title>\n<meta name=\"robots\" content=\"index, follow, max-snippet:-1, max-image-preview:large, max-video-preview:-1\" \/>\n<link rel=\"canonical\" href=\"https:\/\/migapan.es\/eu\/servicios\/\" \/>\n<meta property=\"og:locale\" content=\"en_US\" \/>\n<meta property=\"og:type\" content=\"article\" \/>\n<meta property=\"og:title\" content=\"Servicios - Migapan\" \/>\n<meta property=\"og:description\" content=\"Servicios Panes Naturales Elaborados cada d\u00eda con ingredientes frescos y sin conservantes. Disfruta de nuestras variedades artesanales con el aut\u00e9ntico sabor casero: pan integral, de aceitunas, de ma\u00edz, de pasas y nueces, de semillas, chapata, barras, hogazas&#8230;.Cada uno horneado con dedicaci\u00f3n para ofrecerte la mejor textura y aroma. Caf\u00e9 y Bebidas Calientes Acompa\u00f1a tu momento [&hellip;]\" \/>\n<meta property=\"og:url\" content=\"https:\/\/migapan.es\/eu\/servicios\/\" \/>\n<meta property=\"og:site_name\" content=\"Migapan\" \/>\n<meta property=\"article:modified_time\" content=\"2025-12-12T14:30:36+00:00\" \/>\n<meta property=\"og:image\" content=\"https:\/\/migapan.es\/wp-content\/uploads\/2025\/12\/modern-bakery-shop-with-assortment-bread-shelf-1024x683.jpg\" \/>\n<meta name=\"twitter:card\" content=\"summary_large_image\" \/>\n<meta name=\"twitter:label1\" content=\"Est. reading time\" \/>\n\t<meta name=\"twitter:data1\" content=\"1 minutua\" \/>\n<script type=\"application\/ld+json\" class=\"yoast-schema-graph\">{\"@context\":\"https:\\\/\\\/schema.org\",\"@graph\":[{\"@type\":\"WebPage\",\"@id\":\"https:\\\/\\\/migapan.es\\\/servicios\\\/\",\"url\":\"https:\\\/\\\/migapan.es\\\/servicios\\\/\",\"name\":\"Servicios - Migapan\",\"isPartOf\":{\"@id\":\"https:\\\/\\\/migapan.es\\\/#website\"},\"primaryImageOfPage\":{\"@id\":\"https:\\\/\\\/migapan.es\\\/servicios\\\/#primaryimage\"},\"image\":{\"@id\":\"https:\\\/\\\/migapan.es\\\/servicios\\\/#primaryimage\"},\"thumbnailUrl\":\"https:\\\/\\\/migapan.es\\\/wp-content\\\/uploads\\\/2025\\\/12\\\/modern-bakery-shop-with-assortment-bread-shelf-1024x683.jpg\",\"datePublished\":\"2025-12-10T16:37:13+00:00\",\"dateModified\":\"2025-12-12T14:30:36+00:00\",\"breadcrumb\":{\"@id\":\"https:\\\/\\\/migapan.es\\\/servicios\\\/#breadcrumb\"},\"inLanguage\":\"eu\",\"potentialAction\":[{\"@type\":\"ReadAction\",\"target\":[\"https:\\\/\\\/migapan.es\\\/servicios\\\/\"]}]},{\"@type\":\"ImageObject\",\"inLanguage\":\"eu\",\"@id\":\"https:\\\/\\\/migapan.es\\\/servicios\\\/#primaryimage\",\"url\":\"https:\\\/\\\/migapan.es\\\/wp-content\\\/uploads\\\/2025\\\/12\\\/modern-bakery-shop-with-assortment-bread-shelf-1024x683.jpg\",\"contentUrl\":\"https:\\\/\\\/migapan.es\\\/wp-content\\\/uploads\\\/2025\\\/12\\\/modern-bakery-shop-with-assortment-bread-shelf-1024x683.jpg\"},{\"@type\":\"BreadcrumbList\",\"@id\":\"https:\\\/\\\/migapan.es\\\/servicios\\\/#breadcrumb\",\"itemListElement\":[{\"@type\":\"ListItem\",\"position\":1,\"name\":\"Portada\",\"item\":\"https:\\\/\\\/migapan.es\\\/\"},{\"@type\":\"ListItem\",\"position\":2,\"name\":\"Servicios\"}]},{\"@type\":\"WebSite\",\"@id\":\"https:\\\/\\\/migapan.es\\\/#website\",\"url\":\"https:\\\/\\\/migapan.es\\\/\",\"name\":\"Migapan\",\"description\":\"\",\"publisher\":{\"@id\":\"https:\\\/\\\/migapan.es\\\/#organization\"},\"potentialAction\":[{\"@type\":\"SearchAction\",\"target\":{\"@type\":\"EntryPoint\",\"urlTemplate\":\"https:\\\/\\\/migapan.es\\\/?s={search_term_string}\"},\"query-input\":{\"@type\":\"PropertyValueSpecification\",\"valueRequired\":true,\"valueName\":\"search_term_string\"}}],\"inLanguage\":\"eu\"},{\"@type\":\"Organization\",\"@id\":\"https:\\\/\\\/migapan.es\\\/#organization\",\"name\":\"Migapan\",\"url\":\"https:\\\/\\\/migapan.es\\\/\",\"logo\":{\"@type\":\"ImageObject\",\"inLanguage\":\"eu\",\"@id\":\"https:\\\/\\\/migapan.es\\\/#\\\/schema\\\/logo\\\/image\\\/\",\"url\":\"https:\\\/\\\/migapan.es\\\/wp-content\\\/uploads\\\/2025\\\/12\\\/cropped-Diseno-sin-titulo-e1765385612144.png\",\"contentUrl\":\"https:\\\/\\\/migapan.es\\\/wp-content\\\/uploads\\\/2025\\\/12\\\/cropped-Diseno-sin-titulo-e1765385612144.png\",\"width\":403,\"height\":153,\"caption\":\"Migapan\"},\"image\":{\"@id\":\"https:\\\/\\\/migapan.es\\\/#\\\/schema\\\/logo\\\/image\\\/\"}}]}<\/script>\n<!-- \/ Yoast SEO plugin. -->","yoast_head_json":{"title":"Servicios - Migapan","robots":{"index":"index","follow":"follow","max-snippet":"max-snippet:-1","max-image-preview":"max-image-preview:large","max-video-preview":"max-video-preview:-1"},"canonical":"https:\/\/migapan.es\/eu\/servicios\/","og_locale":"en_US","og_type":"article","og_title":"Servicios - Migapan","og_description":"Servicios Panes Naturales Elaborados cada d\u00eda con ingredientes frescos y sin conservantes. Disfruta de nuestras variedades artesanales con el aut\u00e9ntico sabor casero: pan integral, de aceitunas, de ma\u00edz, de pasas y nueces, de semillas, chapata, barras, hogazas&#8230;.Cada uno horneado con dedicaci\u00f3n para ofrecerte la mejor textura y aroma. Caf\u00e9 y Bebidas Calientes Acompa\u00f1a tu momento [&hellip;]","og_url":"https:\/\/migapan.es\/eu\/servicios\/","og_site_name":"Migapan","article_modified_time":"2025-12-12T14:30:36+00:00","og_image":[{"url":"https:\/\/migapan.es\/wp-content\/uploads\/2025\/12\/modern-bakery-shop-with-assortment-bread-shelf-1024x683.jpg","type":"","width":"","height":""}],"twitter_card":"summary_large_image","twitter_misc":{"Est. reading time":"1 minutua"},"schema":{"@context":"https:\/\/schema.org","@graph":[{"@type":"WebPage","@id":"https:\/\/migapan.es\/servicios\/","url":"https:\/\/migapan.es\/servicios\/","name":"Servicios - Migapan","isPartOf":{"@id":"https:\/\/migapan.es\/#website"},"primaryImageOfPage":{"@id":"https:\/\/migapan.es\/servicios\/#primaryimage"},"image":{"@id":"https:\/\/migapan.es\/servicios\/#primaryimage"},"thumbnailUrl":"https:\/\/migapan.es\/wp-content\/uploads\/2025\/12\/modern-bakery-shop-with-assortment-bread-shelf-1024x683.jpg","datePublished":"2025-12-10T16:37:13+00:00","dateModified":"2025-12-12T14:30:36+00:00","breadcrumb":{"@id":"https:\/\/migapan.es\/servicios\/#breadcrumb"},"inLanguage":"eu","potentialAction":[{"@type":"ReadAction","target":["https:\/\/migapan.es\/servicios\/"]}]},{"@type":"ImageObject","inLanguage":"eu","@id":"https:\/\/migapan.es\/servicios\/#primaryimage","url":"https:\/\/migapan.es\/wp-content\/uploads\/2025\/12\/modern-bakery-shop-with-assortment-bread-shelf-1024x683.jpg","contentUrl":"https:\/\/migapan.es\/wp-content\/uploads\/2025\/12\/modern-bakery-shop-with-assortment-bread-shelf-1024x683.jpg"},{"@type":"BreadcrumbList","@id":"https:\/\/migapan.es\/servicios\/#breadcrumb","itemListElement":[{"@type":"ListItem","position":1,"name":"Portada","item":"https:\/\/migapan.es\/"},{"@type":"ListItem","position":2,"name":"Servicios"}]},{"@type":"WebSite","@id":"https:\/\/migapan.es\/#website","url":"https:\/\/migapan.es\/","name":"Migapan","description":"","publisher":{"@id":"https:\/\/migapan.es\/#organization"},"potentialAction":[{"@type":"SearchAction","target":{"@type":"EntryPoint","urlTemplate":"https:\/\/migapan.es\/?s={search_term_string}"},"query-input":{"@type":"PropertyValueSpecification","valueRequired":true,"valueName":"search_term_string"}}],"inLanguage":"eu"},{"@type":"Organization","@id":"https:\/\/migapan.es\/#organization","name":"Migapan","url":"https:\/\/migapan.es\/","logo":{"@type":"ImageObject","inLanguage":"eu","@id":"https:\/\/migapan.es\/#\/schema\/logo\/image\/","url":"https:\/\/migapan.es\/wp-content\/uploads\/2025\/12\/cropped-Diseno-sin-titulo-e1765385612144.png","contentUrl":"https:\/\/migapan.es\/wp-content\/uploads\/2025\/12\/cropped-Diseno-sin-titulo-e1765385612144.png","width":403,"height":153,"caption":"Migapan"},"image":{"@id":"https:\/\/migapan.es\/#\/schema\/logo\/image\/"}}]}},"_links":{"self":[{"href":"https:\/\/migapan.es\/eu\/wp-json\/wp\/v2\/pages\/12","targetHints":{"allow":["GET"]}}],"collection":[{"href":"https:\/\/migapan.es\/eu\/wp-json\/wp\/v2\/pages"}],"about":[{"href":"https:\/\/migapan.es\/eu\/wp-json\/wp\/v2\/types\/page"}],"author":[{"embeddable":true,"href":"https:\/\/migapan.es\/eu\/wp-json\/wp\/v2\/users\/1"}],"replies":[{"embeddable":true,"href":"https:\/\/migapan.es\/eu\/wp-json\/wp\/v2\/comments?post=12"}],"version-history":[{"count":145,"href":"https:\/\/migapan.es\/eu\/wp-json\/wp\/v2\/pages\/12\/revisions"}],"predecessor-version":[{"id":596,"href":"https:\/\/migapan.es\/eu\/wp-json\/wp\/v2\/pages\/12\/revisions\/596"}],"wp:attachment":[{"href":"https:\/\/migapan.es\/eu\/wp-json\/wp\/v2\/media?parent=12"}],"curies":[{"name":"wp","href":"https:\/\/api.w.org\/{rel}","templated":true}]}}